{"id":10,"date":"2023-06-09T12:35:22","date_gmt":"2023-06-09T10:35:22","guid":{"rendered":"http:\/\/ozajstevent.pl\/index.php\/galeria\/"},"modified":"2026-03-25T19:18:39","modified_gmt":"2026-03-25T18:18:39","slug":"galeria","status":"publish","type":"page","link":"https:\/\/ozajstevent.pl\/index.php\/galeria\/","title":{"rendered":"GALERIA"},"content":{"rendered":"<p>[et_pb_section fb_built=&#8221;1&#8243; custom_padding_last_edited=&#8221;on|phone&#8221; module_class=&#8221;webiner-1-inlbtn&#8221; _builder_version=&#8221;4.21.0&#8243; _module_preset=&#8221;default&#8221; background_color=&#8221;#f2f0ef&#8221; background_image=&#8221;https:\/\/ozajstevent.pl\/wp-content\/uploads\/2023\/06\/webiner-1-sf-1.webp&#8221; background_size=&#8221;initial&#8221; background_position=&#8221;top_right&#8221; overflow-x=&#8221;hidden&#8221; overflow-y=&#8221;hidden&#8221; custom_margin=&#8221;0px||0px||false|false&#8221; custom_padding=&#8221;0px||0px||false|false&#8221; custom_padding_tablet=&#8221;||30px||false|false&#8221; custom_padding_phone=&#8221;70px||30px||false|false&#8221; background_last_edited=&#8221;on|tablet&#8221; background_size_tablet=&#8221;custom&#8221; background_image_width_tablet=&#8221;60%&#8221; global_module=&#8221;87&#8243; saved_tabs=&#8221;all&#8221; global_colors_info=&#8221;{}&#8221;][et_pb_row column_structure=&#8221;3_5,2_5&#8243; use_custom_gutter=&#8221;on&#8221; gutter_width=&#8221;2&#8243; make_equal=&#8221;on&#8221; _builder_version=&#8221;4.21.0&#8243; _module_preset=&#8221;default&#8221; width=&#8221;90%&#8221; max_width=&#8221;1270px&#8221; custom_margin=&#8221;0px||0px||false|false&#8221; custom_padding=&#8221;0px||0px||false|false&#8221; global_colors_info=&#8221;{}&#8221;][et_pb_column type=&#8221;3_5&#8243; _builder_version=&#8221;4.21.0&#8243; _module_preset=&#8221;default&#8221; custom_padding=&#8221;40px||40px||true|false&#8221; animation_style=&#8221;fade&#8221; animation_speed_curve=&#8221;ease&#8221; global_colors_info=&#8221;{}&#8221;][et_pb_text _builder_version=&#8221;4.21.0&#8243; _module_preset=&#8221;default&#8221; header_font=&#8221;Outfit||||||||&#8221; header_text_align=&#8221;left&#8221; header_text_color=&#8221;#242527&#8243; header_font_size=&#8221;25px&#8221; header_line_height=&#8221;1.3em&#8221; max_width=&#8221;698px&#8221; custom_margin=&#8221;||17px||false|false&#8221; custom_margin_tablet=&#8221;0px||17px||false|false&#8221; custom_margin_phone=&#8221;0px||17px||false|false&#8221; custom_margin_last_edited=&#8221;on|tablet&#8221; custom_padding=&#8221;0px||0px||false|false&#8221; header_font_size_tablet=&#8221;87px&#8221; header_font_size_phone=&#8221;45px&#8221; header_font_size_last_edited=&#8221;on|tablet&#8221; global_colors_info=&#8221;{}&#8221;]<\/p>\n<h1>Ozajst Event \u2013 DJ, Wodzirej, Prezente<\/h1>\n<p>[\/et_pb_text][et_pb_text _builder_version=&#8221;4.21.0&#8243; _module_preset=&#8221;default&#8221; text_font=&#8221;Sarabun||||||||&#8221; text_text_color=&#8221;rgba(36,37,39,0.7)&#8221; text_font_size=&#8221;15px&#8221; text_line_height=&#8221;1.4em&#8221; custom_margin=&#8221;0px||23px||false|false&#8221; custom_margin_tablet=&#8221;0px||46px||false|false&#8221; custom_margin_phone=&#8221;0px||35px||false|false&#8221; custom_margin_last_edited=&#8221;on|phone&#8221; custom_padding=&#8221;0px||0px||false|false&#8221; text_font_size_tablet=&#8221;19px&#8221; text_font_size_phone=&#8221;18px&#8221; text_font_size_last_edited=&#8221;on|phone&#8221; text_line_height_last_edited=&#8221;off|phone&#8221; global_colors_info=&#8221;{}&#8221;]<\/p>\n<p style=\"text-align: justify;\">Dobrze trafi\u0142e\u015b je\u015bli poszukujesz dobrej zabawy, profesjonalizmu oraz zaanga\u017cowania. DJ, wodzirej, b\u0119dzie gwarancj\u0105 wyj\u0105tkowej oprawy muzycznej imprezy.<\/p>\n<p>G\u0142owa pe\u0142na pomys\u0142\u00f3w oraz<strong> 25 letnie do\u015bwiadczenie<\/strong> sprawi\u0105, \u017ce Wasza impreza b\u0119dzie mi\u0142o wspominana przez Waszych go\u015bci.<\/p>\n<p>Us\u0142ugi wykonuj\u0119 na terenie \u015al\u0105ska i Ma\u0142opolski.<\/p>\n<p>[\/et_pb_text][\/et_pb_column][et_pb_column type=&#8221;2_5&#8243; disabled_on=&#8221;on|on|off&#8221; _builder_version=&#8221;4.21.0&#8243; _module_preset=&#8221;default&#8221; background_image=&#8221;https:\/\/ozajstevent.pl\/wp-content\/uploads\/2023\/06\/received_350741713882869.jpeg&#8221; animation_style=&#8221;fade&#8221; animation_delay=&#8221;500ms&#8221; animation_speed_curve=&#8221;ease&#8221; global_colors_info=&#8221;{}&#8221;][\/et_pb_column][\/et_pb_row][\/et_pb_section][et_pb_section fb_built=&#8221;1&#8243; custom_padding_last_edited=&#8221;off|desktop&#8221; _builder_version=&#8221;4.21.0&#8243; _module_preset=&#8221;default&#8221; background_color=&#8221;#f2f0ef&#8221; overflow-x=&#8221;hidden&#8221; overflow-y=&#8221;hidden&#8221; custom_margin=&#8221;0px||0px||false|false&#8221; custom_padding=&#8221;81px||81px||true|false&#8221; custom_padding_tablet=&#8221;130px||130px||false|false&#8221; custom_padding_phone=&#8221;90px||90px||false|false&#8221; box_shadow_style=&#8221;preset6&#8243; global_colors_info=&#8221;{}&#8221;][et_pb_row use_custom_gutter=&#8221;on&#8221; gutter_width=&#8221;2&#8243; _builder_version=&#8221;4.21.0&#8243; _module_preset=&#8221;default&#8221; width=&#8221;90%&#8221; max_width=&#8221;1270px&#8221; custom_margin=&#8221;0px|auto|12px|auto|false|false&#8221; custom_margin_tablet=&#8221;0px||120px||false|false&#8221; custom_margin_phone=&#8221;||90px||false|false&#8221; custom_margin_last_edited=&#8221;on|tablet&#8221; custom_padding=&#8221;0px||0px||false|false&#8221; collapsed=&#8221;off&#8221; global_colors_info=&#8221;{}&#8221;][et_pb_column type=&#8221;4_4&#8243; _builder_version=&#8221;4.21.0&#8243; _module_preset=&#8221;default&#8221; custom_padding_tablet=&#8221;|||0px|false|false&#8221; custom_padding_phone=&#8221;|||0px|false|false&#8221; custom_padding_last_edited=&#8221;off|desktop&#8221; animation_style=&#8221;fade&#8221; animation_delay=&#8221;750ms&#8221; animation_speed_curve=&#8221;ease&#8221; global_colors_info=&#8221;{}&#8221;][et_pb_text _builder_version=&#8221;4.21.0&#8243; _module_preset=&#8221;default&#8221; header_2_font=&#8221;Outfit||||||||&#8221; header_2_text_align=&#8221;left&#8221; header_2_text_color=&#8221;#242527&#8243; header_2_font_size=&#8221;23px&#8221; header_2_line_height=&#8221;1.1em&#8221; custom_margin=&#8221;||20px||false|false&#8221; custom_margin_tablet=&#8221;71px||20px||false|false&#8221; custom_margin_phone=&#8221;45px||20px||false|false&#8221; custom_margin_last_edited=&#8221;on|phone&#8221; custom_padding=&#8221;0px||0px||false|false&#8221; header_2_font_size_tablet=&#8221;53px&#8221; header_2_font_size_phone=&#8221;30px&#8221; header_2_font_size_last_edited=&#8221;on|phone&#8221; header_2_line_height_tablet=&#8221;1.2em&#8221; header_2_line_height_phone=&#8221;1.2em&#8221; header_2_line_height_last_edited=&#8221;on|phone&#8221; global_colors_info=&#8221;{}&#8221;]<\/p>\n<h2 style=\"text-align: center;\">GALERIA<\/h2>\n<p>[\/et_pb_text][et_pb_gallery gallery_ids=&#8221;112,121,123,125,134,135,137,138,139,143,146,147,151,153,154,155,156,157,158,159,160,162,164,166,167,169,170,171,173,174,175,177,178,181,182,184,185,186,239,238,236,235,233,240,230,231,232,222,221,220,219,218,217,216,215,214,213,212,208,205,202,201,191,289,290,364,358,357,353,352,354,363,362,361,360,359,355,356&#8243; gallery_orderby=&#8221;rand&#8221; posts_number=&#8221;60&#8243; orientation=&#8221;portrait&#8221; show_title_and_caption=&#8221;off&#8221; show_pagination=&#8221;off&#8221; zoom_icon_color=&#8221;#FFFFFF&#8221; hover_overlay_color=&#8221;rgba(163,134,77,0.67)&#8221; hover_icon=&#8221;&#xe054;||divi||400&#8243; admin_label=&#8221;Galeria&#8221; _builder_version=&#8221;4.21.0&#8243; _module_preset=&#8221;default&#8221; hover_enabled=&#8221;0&#8243; box_shadow_style_image=&#8221;preset2&#8243; global_colors_info=&#8221;{}&#8221; sticky_enabled=&#8221;0&#8243;][\/et_pb_gallery][et_pb_text _builder_version=&#8221;4.21.0&#8243; _module_preset=&#8221;default&#8221; text_font=&#8221;Sarabun||||||||&#8221; text_text_color=&#8221;#626263&#8243; text_font_size=&#8221;12px&#8221; text_line_height=&#8221;2em&#8221; text_orientation=&#8221;justified&#8221; custom_margin=&#8221;0px||42px||false|false&#8221; custom_padding=&#8221;0px||0px||false|false&#8221; global_colors_info=&#8221;{}&#8221;]Dj, Wodzirej i Prezenter<br \/>\nGra\u0142em mi\u0119dzy innymi: Hotel Go\u0142\u0119biewski Wis\u0142a, Hotel Alpin, Hotel Orle Gniazdo \u2013 Szczyrk, Hotel Meta Szczyrk, Hotel Klimczok \u2013 Szczyrk, Hotel Stok \u2013 Wis\u0142a, Parkhotel Vienna, Hotel Stara Szmergielnia Bielsko-Bia\u0142a, Hotel President \u2013 Bielsko-Bia\u0142a, Hotel na B\u0142oniach \u2013 Bielsko-Bia\u0142a, Papuga Park Hotel \u2013 Bielsko-Bia\u0142a, Hotel Zimnik \u2013 Lipowa, Hotel D\u0119bina \u2013 \u017bywiec, Hotel Mercure \u2013 Cieszyn, Hotel Pa\u0142ac Kotuli\u0144skich \u2013 Czechowice-Dziedzice, Park Hotel Diament \u2013 Zabrze, Restauracja Hotel&#038;Spa Bia\u0142y Dom \u2013 Pani\u00f3wki, Hotel Wilga \u2013 Ustro\u0144, Hawana -Brenna, Sielanka \u2013 Ustro\u0144, Karolowy Dw\u00f3r \u2013 Wis\u0142a, Kompleks Zagro\u0144 \u2013 Istebna, Dworek Stara Cynkownia \u2013 Czechowice-Dziedzice, Dworek Bestwinka \u2013 Bestwinka, Marysin Dw\u00f3r \u2013 Katowice, Sale Weselne Romeo i Julia \u2013 Szczyrk, Sala Weselna Pod Skrzycznem \u2013 Szczyrk, Hotel Diament Siemianowice, Romantyczna Sala Weselna \u2013 Bielsko-Bia\u0142a, O\u015brodek Zagro\u0144 \u2013 Szczyrk, Dom Weselny Radosna \u2013 Bielsko-Bia\u0142a, Kameliowy Zak\u0105tek -Bielsko-Bia\u0142a, Bartek Dom Weselny \u2013 Bielsko-Bia\u0142a, Adria \u2013 Andrych\u00f3w, Jontek \u2013 Korbiel\u00f3w, Restauracja Stary Dw\u00f3r \u2013 \u017bywiec, Pizzeria Szafran \u2013 Buczkowice, Capri Restauracja Dom Weselny \u2013 Sucha-Beskidzka, Dworek Krakowski \u2013 Krak\u00f3w, Sonata \u2013 Mucharz, Restauracja Dworek Miko\u0142aj \u2013 Wadowice, Karczma Dzika Chata \u2013 Zawoja, Baldi Restauracja \u2013 Harbutowice, O\u015brodek Wypoczynkowy Baron \u2013 Orzesze Woszczyce, Skalny Dworek -Brenna, Restauracja Zb\u00f3jnicka Chata \u2013 Ustro\u0144 R\u00f3wnica, Rezydencja Parkowa \u2013 Ustro\u0144, Hotel Tycjan \u2013 Mil\u00f3wka, Arteria \u2013 W\u0119gierska G\u00f3rka, Gospoda u Wandzi i J\u0119drusia \u2013 Mil\u00f3wka, Sala Weselna Roma \u2013 Godziszka.[\/et_pb_text][\/et_pb_column][\/et_pb_row][\/et_pb_section][et_pb_section fb_built=&#8221;1&#8243; custom_padding_last_edited=&#8221;on|phone&#8221; _builder_version=&#8221;4.21.0&#8243; _module_preset=&#8221;default&#8221; background_color=&#8221;#1a1f2b&#8221; background_image=&#8221;https:\/\/ozajstevent.pl\/wp-content\/uploads\/2023\/06\/webiner-1-sf-4.png&#8221; background_size=&#8221;contain&#8221; background_position=&#8221;top_right&#8221; custom_margin=&#8221;0px||0px||false|false&#8221; custom_padding=&#8221;130px||72px||false|false&#8221; custom_padding_tablet=&#8221;130px||130px||false|false&#8221; custom_padding_phone=&#8221;90px||90px||false|false&#8221; background_last_edited=&#8221;on|tablet&#8221; background_size_tablet=&#8221;stretch&#8221; background_image_width_tablet=&#8221;25%&#8221; background_position_tablet=&#8221;top_right&#8221; global_module=&#8221;80&#8243; saved_tabs=&#8221;all&#8221; global_colors_info=&#8221;{}&#8221;][et_pb_row column_structure=&#8221;1_2,1_2&#8243; use_custom_gutter=&#8221;on&#8221; gutter_width=&#8221;1&#8243; _builder_version=&#8221;4.19.4&#8243; _module_preset=&#8221;default&#8221; width=&#8221;90%&#8221; max_width=&#8221;1270px&#8221; custom_margin=&#8221;0px||0px||false|false&#8221; custom_padding=&#8221;0px||0px||false|false&#8221; global_colors_info=&#8221;{}&#8221;][et_pb_column type=&#8221;1_2&#8243; _builder_version=&#8221;4.19.4&#8243; _module_preset=&#8221;default&#8221; animation_style=&#8221;fade&#8221; animation_delay=&#8221;500ms&#8221; animation_speed_curve=&#8221;ease&#8221; global_colors_info=&#8221;{}&#8221;][et_pb_text _builder_version=&#8221;4.21.0&#8243; _module_preset=&#8221;default&#8221; text_font=&#8221;Sarabun|800|||||||&#8221; text_text_color=&#8221;rgba(255,255,255,0.7)&#8221; text_font_size=&#8221;13px&#8221; text_line_height=&#8221;1.6em&#8221; max_width=&#8221;515px&#8221; custom_margin=&#8221;0px||22px||false|false&#8221; custom_padding=&#8221;0px||0px||false|false&#8221; global_colors_info=&#8221;{}&#8221;]DJ Wodzirej, prezenter &#8211; \u015al\u0105ska i Ma\u0142opolska; Szczyrk, Bielsko-Bia\u0142a, \u017bywiec[\/et_pb_text][et_pb_text _builder_version=&#8221;4.21.0&#8243; _module_preset=&#8221;default&#8221; header_2_font=&#8221;Outfit||||||||&#8221; header_2_text_align=&#8221;left&#8221; header_2_text_color=&#8221;#f6f6f6&#8243; header_2_font_size=&#8221;53px&#8221; header_2_line_height=&#8221;1.1em&#8221; max_width=&#8221;515px&#8221; custom_margin=&#8221;26px||22px||false|false&#8221; custom_margin_tablet=&#8221;0px||||false|false&#8221; custom_margin_phone=&#8221;0px||||false|false&#8221; custom_margin_last_edited=&#8221;on|tablet&#8221; custom_padding=&#8221;0px||0px||false|false&#8221; header_2_font_size_tablet=&#8221;53px&#8221; header_2_font_size_phone=&#8221;30px&#8221; header_2_font_size_last_edited=&#8221;on|phone&#8221; header_2_line_height_tablet=&#8221;1.1em&#8221; header_2_line_height_phone=&#8221;1.2em&#8221; header_2_line_height_last_edited=&#8221;on|phone&#8221; global_colors_info=&#8221;{}&#8221;]<\/p>\n<h2>Kontakt<\/h2>\n<p>[\/et_pb_text][et_pb_blurb title=&#8221;Telefon&#8221; use_icon=&#8221;on&#8221; font_icon=&#8221;&#xe090;||divi||400&#8243; icon_color=&#8221;#FFFFFF&#8221; icon_placement=&#8221;left&#8221; content_max_width=&#8221;100%&#8221; _builder_version=&#8221;4.21.0&#8243; _module_preset=&#8221;default&#8221; header_font=&#8221;Outfit||||||||&#8221; header_text_color=&#8221;#FFFFFF&#8221; header_font_size=&#8221;20px&#8221; body_font=&#8221;Outfit||||||||&#8221; body_text_color=&#8221;#FFFFFF&#8221; body_font_size=&#8221;22px&#8221; body_letter_spacing=&#8221;1px&#8221; global_colors_info=&#8221;{}&#8221;]<\/p>\n<p>607 691 207<\/p>\n<p>[\/et_pb_blurb][et_pb_blurb title=&#8221;E-mail&#8221; use_icon=&#8221;on&#8221; font_icon=&#8221;&#xf1d8;||fa||400&#8243; icon_color=&#8221;#FFFFFF&#8221; icon_placement=&#8221;left&#8221; content_max_width=&#8221;100%&#8221; _builder_version=&#8221;4.21.0&#8243; _module_preset=&#8221;default&#8221; header_font=&#8221;Outfit||||||||&#8221; header_text_color=&#8221;#FFFFFF&#8221; header_font_size=&#8221;20px&#8221; body_font=&#8221;Outfit||||||||&#8221; body_text_color=&#8221;#FFFFFF&#8221; body_font_size=&#8221;22px&#8221; body_letter_spacing=&#8221;1px&#8221; custom_margin=&#8221;30px||||false|false&#8221; global_colors_info=&#8221;{}&#8221;]ozajstp@tlen.pl[\/et_pb_blurb][et_pb_social_media_follow use_icon_font_size=&#8221;on&#8221; icon_font_size=&#8221;24px&#8221; _builder_version=&#8221;4.21.0&#8243; _module_preset=&#8221;default&#8221; custom_margin=&#8221;40px||||false|false&#8221; global_colors_info=&#8221;{}&#8221;][et_pb_social_media_follow_network social_network=&#8221;facebook&#8221; url=&#8221;https:\/\/www.facebook.com\/ozajstevent&#8221; _builder_version=&#8221;4.21.0&#8243; _module_preset=&#8221;default&#8221; background_color=&#8221;#3b5998&#8243; global_colors_info=&#8221;{}&#8221; follow_button=&#8221;off&#8221; url_new_window=&#8221;on&#8221;]facebook[\/et_pb_social_media_follow_network][et_pb_social_media_follow_network social_network=&#8221;instagram&#8221; url=&#8221;https:\/\/www.instagram.com\/ozajst_event\/&#8221; _builder_version=&#8221;4.21.0&#8243; _module_preset=&#8221;default&#8221; background_color=&#8221;#ea2c59&#8243; global_colors_info=&#8221;{}&#8221; follow_button=&#8221;off&#8221; url_new_window=&#8221;on&#8221;]instagram[\/et_pb_social_media_follow_network][\/et_pb_social_media_follow][\/et_pb_column][et_pb_column type=&#8221;1_2&#8243; _builder_version=&#8221;4.19.4&#8243; _module_preset=&#8221;default&#8221; custom_padding=&#8221;|||80px|false|false&#8221; custom_padding_tablet=&#8221;|100px||0px|false|false&#8221; custom_padding_phone=&#8221;|0px|||false|false&#8221; custom_padding_last_edited=&#8221;on|tablet&#8221; animation_style=&#8221;fade&#8221; animation_delay=&#8221;750ms&#8221; animation_speed_curve=&#8221;ease&#8221; global_colors_info=&#8221;{}&#8221;][et_pb_contact_form captcha=&#8221;off&#8221; email=&#8221;ozajstp@tlen.pl&#8221; title=&#8221;Wy\u015blij wiadomo\u015b\u0107&#8221; _builder_version=&#8221;4.21.0&#8243; _module_preset=&#8221;default&#8221; _unique_id=&#8221;4190c171-29c4-41b0-865d-e85377043b25&#8243; form_field_background_color=&#8221;#f2f0ef&#8221; form_field_text_color=&#8221;#8b8b98&#8243; form_field_custom_margin=&#8221;0px||13px||false|false&#8221; form_field_custom_padding=&#8221;16px|30px|17px|30px|false|false&#8221; title_font=&#8221;Outfit||||||||&#8221; title_text_align=&#8221;left&#8221; title_text_color=&#8221;#242527&#8243; title_font_size=&#8221;21px&#8221; form_field_font=&#8221;Sarabun||||||||&#8221; form_field_text_align=&#8221;left&#8221; form_field_font_size=&#8221;17px&#8221; background_color=&#8221;#FFFFFF&#8221; custom_button=&#8221;on&#8221; button_text_size=&#8221;17px&#8221; button_text_color=&#8221;#000000&#8243; button_bg_color=&#8221;#e3cc6d&#8221; button_border_radius=&#8221;8px&#8221; button_font=&#8221;Sarabun|600|||||||&#8221; button_use_icon=&#8221;off&#8221; button_custom_margin=&#8221;28px||0px||false|false&#8221; button_custom_padding=&#8221;6px|15px|6px|15px|true|true&#8221; custom_margin=&#8221;0px||0px||false|false&#8221; custom_margin_tablet=&#8221;75px||0px||false|false&#8221; custom_margin_phone=&#8221;65px||||false|false&#8221; custom_margin_last_edited=&#8221;on|tablet&#8221; custom_padding=&#8221;60px|40px|60px|40px|false|false&#8221; custom_css_main_element=&#8221;border-radius:8px;&#8221; custom_css_contact_title=&#8221;margin-bottom:16px;&#8221; border_radii=&#8221;on|8px|8px|8px|8px&#8221; global_colors_info=&#8221;{}&#8221; button_bg_color__hover_enabled=&#8221;on|hover&#8221; button_bg_color__hover=&#8221;#FFFFFF&#8221; button_bg_enable_color__hover=&#8221;on&#8221; button_letter_spacing__hover=&#8221;0px&#8221; button_letter_spacing__hover_enabled=&#8221;on|hover&#8221;][et_pb_contact_field field_id=&#8221;Imi\u0119&#8221; field_title=&#8221;Imi\u0119&#8221; fullwidth_field=&#8221;on&#8221; _builder_version=&#8221;4.21.0&#8243; global_colors_info=&#8221;{}&#8221; button_text_size__hover_enabled=&#8221;off&#8221; button_one_text_size__hover_enabled=&#8221;off&#8221; button_two_text_size__hover_enabled=&#8221;off&#8221; button_text_color__hover_enabled=&#8221;off&#8221; button_one_text_color__hover_enabled=&#8221;off&#8221; button_two_text_color__hover_enabled=&#8221;off&#8221; button_border_width__hover_enabled=&#8221;off&#8221; button_one_border_width__hover_enabled=&#8221;off&#8221; button_two_border_width__hover_enabled=&#8221;off&#8221; button_border_color__hover_enabled=&#8221;off&#8221; button_one_border_color__hover_enabled=&#8221;off&#8221; button_two_border_color__hover_enabled=&#8221;off&#8221; button_border_radius__hover_enabled=&#8221;off&#8221; button_one_border_radius__hover_enabled=&#8221;off&#8221; button_two_border_radius__hover_enabled=&#8221;off&#8221; button_letter_spacing__hover_enabled=&#8221;off&#8221; button_one_letter_spacing__hover_enabled=&#8221;off&#8221; button_two_letter_spacing__hover_enabled=&#8221;off&#8221; button_bg_color__hover_enabled=&#8221;off&#8221; button_one_bg_color__hover_enabled=&#8221;off&#8221; button_two_bg_color__hover_enabled=&#8221;off&#8221;][\/et_pb_contact_field][et_pb_contact_field field_id=&#8221;E-mail&#8221; field_title=&#8221;E-mail&#8221; fullwidth_field=&#8221;on&#8221; _builder_version=&#8221;4.21.0&#8243; global_colors_info=&#8221;{}&#8221; button_text_size__hover_enabled=&#8221;off&#8221; button_one_text_size__hover_enabled=&#8221;off&#8221; button_two_text_size__hover_enabled=&#8221;off&#8221; button_text_color__hover_enabled=&#8221;off&#8221; button_one_text_color__hover_enabled=&#8221;off&#8221; button_two_text_color__hover_enabled=&#8221;off&#8221; button_border_width__hover_enabled=&#8221;off&#8221; button_one_border_width__hover_enabled=&#8221;off&#8221; button_two_border_width__hover_enabled=&#8221;off&#8221; button_border_color__hover_enabled=&#8221;off&#8221; button_one_border_color__hover_enabled=&#8221;off&#8221; button_two_border_color__hover_enabled=&#8221;off&#8221; button_border_radius__hover_enabled=&#8221;off&#8221; button_one_border_radius__hover_enabled=&#8221;off&#8221; button_two_border_radius__hover_enabled=&#8221;off&#8221; button_letter_spacing__hover_enabled=&#8221;off&#8221; button_one_letter_spacing__hover_enabled=&#8221;off&#8221; button_two_letter_spacing__hover_enabled=&#8221;off&#8221; button_bg_color__hover_enabled=&#8221;off&#8221; button_one_bg_color__hover_enabled=&#8221;off&#8221; button_two_bg_color__hover_enabled=&#8221;off&#8221;][\/et_pb_contact_field][et_pb_contact_field field_id=&#8221;Wiadomo\u015b\u0107&#8221; field_title=&#8221;Wiadomo\u015b\u0107&#8221; fullwidth_field=&#8221;on&#8221; _builder_version=&#8221;4.21.0&#8243; global_colors_info=&#8221;{}&#8221; button_text_size__hover_enabled=&#8221;off&#8221; button_one_text_size__hover_enabled=&#8221;off&#8221; button_two_text_size__hover_enabled=&#8221;off&#8221; button_text_color__hover_enabled=&#8221;off&#8221; button_one_text_color__hover_enabled=&#8221;off&#8221; button_two_text_color__hover_enabled=&#8221;off&#8221; button_border_width__hover_enabled=&#8221;off&#8221; button_one_border_width__hover_enabled=&#8221;off&#8221; button_two_border_width__hover_enabled=&#8221;off&#8221; button_border_color__hover_enabled=&#8221;off&#8221; button_one_border_color__hover_enabled=&#8221;off&#8221; button_two_border_color__hover_enabled=&#8221;off&#8221; button_border_radius__hover_enabled=&#8221;off&#8221; button_one_border_radius__hover_enabled=&#8221;off&#8221; button_two_border_radius__hover_enabled=&#8221;off&#8221; button_letter_spacing__hover_enabled=&#8221;off&#8221; button_one_letter_spacing__hover_enabled=&#8221;off&#8221; button_two_letter_spacing__hover_enabled=&#8221;off&#8221; button_bg_color__hover_enabled=&#8221;off&#8221; button_one_bg_color__hover_enabled=&#8221;off&#8221; button_two_bg_color__hover_enabled=&#8221;off&#8221;][\/et_pb_contact_field][\/et_pb_contact_form][et_pb_code admin_label=&#8221;form button align left &#8221; _builder_version=&#8221;4.18.1&#8243; _module_preset=&#8221;default&#8221; custom_margin=&#8221;0px||0px||false|false&#8221; custom_padding=&#8221;0px||0px||false|false&#8221; global_colors_info=&#8221;{}&#8221;]<\/p>\n<style><!-- [et_pb_line_break_holder] -->.et_contact_bottom_container{<!-- [et_pb_line_break_holder] -->display: flex;<!-- [et_pb_line_break_holder] -->justify-content: flex-start;<!-- [et_pb_line_break_holder] -->width: 100% !important;<!-- [et_pb_line_break_holder] -->}<!-- [et_pb_line_break_holder] --><\/style>\n<p>[\/et_pb_code][\/et_pb_column][\/et_pb_row][et_pb_row use_custom_gutter=&#8221;on&#8221; gutter_width=&#8221;1&#8243; _builder_version=&#8221;4.21.0&#8243; _module_preset=&#8221;default&#8221; width=&#8221;90%&#8221; max_width=&#8221;1270px&#8221; min_height=&#8221;22px&#8221; custom_margin=&#8221;23px|auto|0px|auto|false|false&#8221; custom_padding=&#8221;0px||0px||false|false&#8221; global_colors_info=&#8221;{}&#8221;][et_pb_column type=&#8221;4_4&#8243; _builder_version=&#8221;4.21.0&#8243; _module_preset=&#8221;default&#8221; global_colors_info=&#8221;{}&#8221;][et_pb_image src=&#8221;https:\/\/ozajstevent.pl\/wp-content\/uploads\/2023\/06\/ogloszenie970x90.jpg&#8221; title_text=&#8221;ogloszenie970x90&#8243; url=&#8221;https:\/\/www.weselezklasa.pl\/ogloszenia-weselne\/zespol-opium-dj,5996\/&#8221; url_new_window=&#8221;on&#8221; align=&#8221;center&#8221; force_fullwidth=&#8221;on&#8221; admin_label=&#8221;Obraz&#8221; _builder_version=&#8221;4.21.0&#8243; _module_preset=&#8221;default&#8221; custom_padding=&#8221;||0px||false|false&#8221; global_colors_info=&#8221;{}&#8221;][\/et_pb_image][\/et_pb_column][\/et_pb_row][et_pb_row use_custom_gutter=&#8221;on&#8221; gutter_width=&#8221;1&#8243; _builder_version=&#8221;4.21.0&#8243; _module_preset=&#8221;default&#8221; width=&#8221;90%&#8221; max_width=&#8221;1270px&#8221; custom_margin=&#8221;40px||0px||false|false&#8221; custom_padding=&#8221;0px||0px||false|false&#8221; global_colors_info=&#8221;{}&#8221;][et_pb_column type=&#8221;4_4&#8243; _builder_version=&#8221;4.21.0&#8243; _module_preset=&#8221;default&#8221; global_colors_info=&#8221;{}&#8221;][et_pb_image src=&#8221;https:\/\/ozajstevent.pl\/wp-content\/uploads\/2023\/06\/wdng_banner_left.png&#8221; title_text=&#8221;wdng_banner_left&#8221; url=&#8221;https:\/\/wedding.pl\/zespoly-weselne\/zespol-opium&#8221; url_new_window=&#8221;on&#8221; force_fullwidth=&#8221;on&#8221; _builder_version=&#8221;4.21.0&#8243; _module_preset=&#8221;default&#8221; global_colors_info=&#8221;{}&#8221;][\/et_pb_image][\/et_pb_column][\/et_pb_row][et_pb_row use_custom_gutter=&#8221;on&#8221; gutter_width=&#8221;1&#8243; _builder_version=&#8221;4.21.0&#8243; _module_preset=&#8221;default&#8221; width=&#8221;90%&#8221; max_width=&#8221;1270px&#8221; custom_margin=&#8221;40px||0px||false|false&#8221; custom_padding=&#8221;0px||0px||false|false&#8221; global_colors_info=&#8221;{}&#8221;][et_pb_column type=&#8221;4_4&#8243; _builder_version=&#8221;4.21.0&#8243; _module_preset=&#8221;default&#8221; global_colors_info=&#8221;{}&#8221;][et_pb_image src=&#8221;https:\/\/ozajstevent.pl\/wp-content\/uploads\/2023\/06\/slubny.png&#8221; title_text=&#8221;slubny&#8221; url=&#8221;https:\/\/www.dje-wesele.pl\/&#8221; url_new_window=&#8221;on&#8221; _builder_version=&#8221;4.21.0&#8243; _module_preset=&#8221;default&#8221; global_colors_info=&#8221;{}&#8221;][\/et_pb_image][\/et_pb_column][\/et_pb_row][\/et_pb_section]<\/p>\n","protected":false},"excerpt":{"rendered":"<p>Ozajst Event \u2013 DJ, Wodzirej, PrezenteDobrze trafi\u0142e\u015b je\u015bli poszukujesz dobrej zabawy, profesjonalizmu oraz zaanga\u017cowania. DJ, wodzirej, b\u0119dzie gwarancj\u0105 wyj\u0105tkowej oprawy muzycznej imprezy. G\u0142owa pe\u0142na pomys\u0142\u00f3w oraz 25 letnie do\u015bwiadczenie sprawi\u0105, \u017ce Wasza impreza b\u0119dzie mi\u0142o wspominana przez Waszych go\u015bci. Us\u0142ugi wykonuj\u0119 na terenie \u015al\u0105ska i Ma\u0142opolski.GALERIADj, Wodzirej i Prezenter Gra\u0142em mi\u0119dzy innymi: Hotel Go\u0142\u0119biewski Wis\u0142a, [&hellip;]<\/p>\n","protected":false},"author":1,"featured_media":0,"parent":0,"menu_order":0,"comment_status":"closed","ping_status":"closed","template":"","meta":{"_et_pb_use_builder":"on","_et_pb_old_content":"","_et_gb_content_width":"","footnotes":""},"class_list":["post-10","page","type-page","status-publish","hentry"],"_links":{"self":[{"href":"https:\/\/ozajstevent.pl\/index.php\/wp-json\/wp\/v2\/pages\/10","targetHints":{"allow":["GET"]}}],"collection":[{"href":"https:\/\/ozajstevent.pl\/index.php\/wp-json\/wp\/v2\/pages"}],"about":[{"href":"https:\/\/ozajstevent.pl\/index.php\/wp-json\/wp\/v2\/types\/page"}],"author":[{"embeddable":true,"href":"https:\/\/ozajstevent.pl\/index.php\/wp-json\/wp\/v2\/users\/1"}],"replies":[{"embeddable":true,"href":"https:\/\/ozajstevent.pl\/index.php\/wp-json\/wp\/v2\/comments?post=10"}],"version-history":[{"count":10,"href":"https:\/\/ozajstevent.pl\/index.php\/wp-json\/wp\/v2\/pages\/10\/revisions"}],"predecessor-version":[{"id":387,"href":"https:\/\/ozajstevent.pl\/index.php\/wp-json\/wp\/v2\/pages\/10\/revisions\/387"}],"wp:attachment":[{"href":"https:\/\/ozajstevent.pl\/index.php\/wp-json\/wp\/v2\/media?parent=10"}],"curies":[{"name":"wp","href":"https:\/\/api.w.org\/{rel}","templated":true}]}}